{"id":2190,"date":"2025-04-16T12:30:18","date_gmt":"2025-04-16T10:30:18","guid":{"rendered":"https:\/\/legouleyant.com\/?page_id=2190"},"modified":"2025-04-16T15:04:46","modified_gmt":"2025-04-16T13:04:46","slug":"elementor-page-2190","status":"publish","type":"page","link":"https:\/\/legouleyant.com\/index.php\/elementor-page-2190\/","title":{"rendered":"POLITIQUE DE CONFIDENTIALITE"},"content":{"rendered":"\t\t<div data-elementor-type=\"wp-page\" data-elementor-id=\"2190\" class=\"elementor elementor-2190\" data-elementor-post-type=\"page\">\n\t\t\t\t<div class=\"elementor-element elementor-element-f0d9907 e-flex e-con-boxed e-con e-parent\" data-id=\"f0d9907\" data-element_type=\"container\" data-e-type=\"container\">\n\t\t\t\t\t<div class=\"e-con-inner\">\n\t\t\t\t<div class=\"elementor-element elementor-element-45452f1 elementor-widget elementor-widget-image\" data-id=\"45452f1\" data-element_type=\"widget\" data-e-type=\"widget\" data-widget_type=\"image.default\">\n\t\t\t\t<div class=\"elementor-widget-container\">\n\t\t\t\t\t\t\t\t\t\t\t\t\t\t\t<img fetchpriority=\"high\" decoding=\"async\" width=\"800\" height=\"209\" src=\"https:\/\/legouleyant.com\/wp-content\/uploads\/2025\/04\/LOGO_GOULEYANT_CLARA.png\" class=\"attachment-large size-large wp-image-2192\" alt=\"\" srcset=\"https:\/\/legouleyant.com\/wp-content\/uploads\/2025\/04\/LOGO_GOULEYANT_CLARA.png 829w, https:\/\/legouleyant.com\/wp-content\/uploads\/2025\/04\/LOGO_GOULEYANT_CLARA-300x79.png 300w, https:\/\/legouleyant.com\/wp-content\/uploads\/2025\/04\/LOGO_GOULEYANT_CLARA-768x201.png 768w\" sizes=\"(max-width: 800px) 100vw, 800px\" \/>\t\t\t\t\t\t\t\t\t\t\t\t\t\t\t<\/div>\n\t\t\t\t<\/div>\n\t\t\t\t<div class=\"elementor-element elementor-element-9a15784 elementor-widget elementor-widget-heading\" data-id=\"9a15784\" data-element_type=\"widget\" data-e-type=\"widget\" data-widget_type=\"heading.default\">\n\t\t\t\t<div class=\"elementor-widget-container\">\n\t\t\t\t\t<h2 class=\"elementor-heading-title elementor-size-default\">POLITIQUE DE CONFIDENTIALITE<\/h2>\t\t\t\t<\/div>\n\t\t\t\t<\/div>\n\t\t\t\t<div class=\"elementor-element elementor-element-75c96d1 elementor-widget elementor-widget-text-editor\" data-id=\"75c96d1\" data-element_type=\"widget\" data-e-type=\"widget\" data-widget_type=\"text-editor.default\">\n\t\t\t\t<div class=\"elementor-widget-container\">\n\t\t\t\t\t\t\t\t\t<p class=\"\" data-start=\"1045\" data-end=\"1078\"><strong data-start=\"1045\" data-end=\"1078\">Derni\u00e8re mise \u00e0 jour : 16\/04\/2025<\/strong><\/p>\n<p class=\"\" data-start=\"1080\" data-end=\"1285\">Le site <a href=\"https:\/\/legouleyant.com\"><span style=\"text-decoration: underline;\"><i><b>Le Gouleyant<\/b><\/i><\/span><\/a>&nbsp;respecte la vie priv\u00e9e de ses utilisateurs. Cette politique de confidentialit\u00e9 explique quelles donn\u00e9es sont collect\u00e9es, comment elles sont utilis\u00e9es, et quels sont vos droits.<\/p>\t\t\t\t\t\t\t\t<\/div>\n\t\t\t\t<\/div>\n\t\t\t\t\t<\/div>\n\t\t\t\t<\/div>\n\t\t<div class=\"elementor-element elementor-element-f1613f9 e-flex e-con-boxed e-con e-parent\" data-id=\"f1613f9\" data-element_type=\"container\" data-e-type=\"container\">\n\t\t\t\t\t<div class=\"e-con-inner\">\n\t\t\t\t<div class=\"elementor-element elementor-element-e1a323f elementor-widget elementor-widget-heading\" data-id=\"e1a323f\" data-element_type=\"widget\" data-e-type=\"widget\" data-widget_type=\"heading.default\">\n\t\t\t\t<div class=\"elementor-widget-container\">\n\t\t\t\t\t<h2 class=\"elementor-heading-title elementor-size-default\">1. Donn\u00e9es collect\u00e9es<\/h2>\t\t\t\t<\/div>\n\t\t\t\t<\/div>\n\t\t\t\t<div class=\"elementor-element elementor-element-17401ac elementor-widget elementor-widget-text-editor\" data-id=\"17401ac\" data-element_type=\"widget\" data-e-type=\"widget\" data-widget_type=\"text-editor.default\">\n\t\t\t\t<div class=\"elementor-widget-container\">\n\t\t\t\t\t\t\t\t\t<p class=\"\" data-start=\"1323\" data-end=\"1418\">Nous collectons uniquement les donn\u00e9es que vous nous fournissez volontairement, notamment via :<\/p><ul data-start=\"1419\" data-end=\"1522\"><li class=\"\" data-start=\"1419\" data-end=\"1475\"><p class=\"\" data-start=\"1421\" data-end=\"1475\">Le formulaire de contact (nom, pr\u00e9nom, adresse e-mail)<\/p><\/li><li class=\"\" data-start=\"1476\" data-end=\"1522\"><p class=\"\" data-start=\"1478\" data-end=\"1522\">Les cookies (donn\u00e9es de navigation anonymes)<\/p><\/li><\/ul>\t\t\t\t\t\t\t\t<\/div>\n\t\t\t\t<\/div>\n\t\t\t\t\t<\/div>\n\t\t\t\t<\/div>\n\t\t<div class=\"elementor-element elementor-element-eeb8e78 e-flex e-con-boxed e-con e-parent\" data-id=\"eeb8e78\" data-element_type=\"container\" data-e-type=\"container\">\n\t\t\t\t\t<div class=\"e-con-inner\">\n\t\t\t\t<div class=\"elementor-element elementor-element-1e6622f elementor-widget elementor-widget-heading\" data-id=\"1e6622f\" data-element_type=\"widget\" data-e-type=\"widget\" data-widget_type=\"heading.default\">\n\t\t\t\t<div class=\"elementor-widget-container\">\n\t\t\t\t\t<h2 class=\"elementor-heading-title elementor-size-default\">2. Utilisation des donn\u00e9es<\/h2>\t\t\t\t<\/div>\n\t\t\t\t<\/div>\n\t\t\t\t<div class=\"elementor-element elementor-element-07adb70 elementor-widget elementor-widget-text-editor\" data-id=\"07adb70\" data-element_type=\"widget\" data-e-type=\"widget\" data-widget_type=\"text-editor.default\">\n\t\t\t\t<div class=\"elementor-widget-container\">\n\t\t\t\t\t\t\t\t\t<p class=\"\" data-start=\"1323\" data-end=\"1418\">Vous disposez \u00e0 tout moment d\u2019un droit d\u2019acc\u00e8s, de rectification, et de suppression des informations personnelles vous concernant, et de la possibilit\u00e9 de vous opposer au traitement de ces donn\u00e9es. Vous pouvez \u00e9galement vous opposer sans frais \u00e0 ce que vos informations personnelles soient utilis\u00e9es \u00e0 des fins de prospection commerciale, en adressant un courrier \u00e0 l\u2019adresse suivante :<\/p><p><i><b>communication@g-vigouroux.fr<\/b><\/i><\/p>\t\t\t\t\t\t\t\t<\/div>\n\t\t\t\t<\/div>\n\t\t\t\t\t<\/div>\n\t\t\t\t<\/div>\n\t\t<div class=\"elementor-element elementor-element-41178b1 e-flex e-con-boxed e-con e-parent\" data-id=\"41178b1\" data-element_type=\"container\" data-e-type=\"container\">\n\t\t\t\t\t<div class=\"e-con-inner\">\n\t\t\t\t<div class=\"elementor-element elementor-element-ab7fadf elementor-widget elementor-widget-heading\" data-id=\"ab7fadf\" data-element_type=\"widget\" data-e-type=\"widget\" data-widget_type=\"heading.default\">\n\t\t\t\t<div class=\"elementor-widget-container\">\n\t\t\t\t\t<h2 class=\"elementor-heading-title elementor-size-default\">3. Partage des donn\u00e9es<\/h2>\t\t\t\t<\/div>\n\t\t\t\t<\/div>\n\t\t\t\t<div class=\"elementor-element elementor-element-0e8b177 elementor-widget elementor-widget-text-editor\" data-id=\"0e8b177\" data-element_type=\"widget\" data-e-type=\"widget\" data-widget_type=\"text-editor.default\">\n\t\t\t\t<div class=\"elementor-widget-container\">\n\t\t\t\t\t\t\t\t\t<p class=\"\" data-start=\"1323\" data-end=\"1418\">Aucune donn\u00e9e personnelle n\u2019est vendue ni partag\u00e9e avec des tiers, sauf obligation l\u00e9gale.<\/p>\t\t\t\t\t\t\t\t<\/div>\n\t\t\t\t<\/div>\n\t\t\t\t\t<\/div>\n\t\t\t\t<\/div>\n\t\t<div class=\"elementor-element elementor-element-3ba1fa0 e-flex e-con-boxed e-con e-parent\" data-id=\"3ba1fa0\" data-element_type=\"container\" data-e-type=\"container\">\n\t\t\t\t\t<div class=\"e-con-inner\">\n\t\t\t\t<div class=\"elementor-element elementor-element-ce4fda7 elementor-widget elementor-widget-heading\" data-id=\"ce4fda7\" data-element_type=\"widget\" data-e-type=\"widget\" data-widget_type=\"heading.default\">\n\t\t\t\t<div class=\"elementor-widget-container\">\n\t\t\t\t\t<h2 class=\"elementor-heading-title elementor-size-default\">3. Partage des donn\u00e9es<\/h2>\t\t\t\t<\/div>\n\t\t\t\t<\/div>\n\t\t\t\t<div class=\"elementor-element elementor-element-43ed462 elementor-widget elementor-widget-text-editor\" data-id=\"43ed462\" data-element_type=\"widget\" data-e-type=\"widget\" data-widget_type=\"text-editor.default\">\n\t\t\t\t<div class=\"elementor-widget-container\">\n\t\t\t\t\t\t\t\t\t<p class=\"\" data-start=\"1323\" data-end=\"1418\">3.1 Au travers du Site, la Soci\u00e9t\u00e9 SAS GEORGES VIGOUROUX collecte les donn\u00e9es vous concernant uniquement pour les finalit\u00e9s d\u00e9finies ci-dessous :<\/p><ul><li>gestion de la relation client et prospects,<\/li><li>segmentation commerciale, personnalisation de nos services et communications,<\/li><li>transmission d\u2019informations relatives \u00e0 la Soci\u00e9t\u00e9 et \u00e0 son activit\u00e9 et, avec votre accord, de messages publicitaires ou de prospection commerciale moyennant le respect de vos choix en la mati\u00e8re,<\/li><li>statistiques, \u00e9tudes et analyses, marketing, perfectionnement du Site, des produits et services de la Soci\u00e9t\u00e9.<\/li><\/ul><p>Les donn\u00e9es dont la collecte est rendue obligatoire pour les traitements susvis\u00e9s sont mentionn\u00e9es par un ast\u00e9risque sur les formulaires de collecte. Si vous ne renseignez pas ces champs obligatoires, la Soci\u00e9t\u00e9 ne pourra r\u00e9pondre \u00e0 vos demandes et fournir les services demand\u00e9s.<\/p><p><i><b>3.2\u00a0\u00a0 \u00a0CONSERVATION DES DONN\u00c9ES<\/b><\/i><\/p><p>Les donn\u00e9es sont conserv\u00e9es pendant toute la dur\u00e9e n\u00e9cessaire aux finalit\u00e9s pour lesquelles elles ont \u00e9t\u00e9 collect\u00e9es et sont, en tout \u00e9tat de cause, d\u00e9truites \u00e0 l\u2019issue de celle-ci.<\/p><p>\u00a0<\/p><p><i><b>3.3\u00a0\u00a0 \u00a0DESTINATAIRES DES DONN\u00c9ES<\/b><\/i><\/p><p>La Soci\u00e9t\u00e9 SAS GEORGES VIGOUROUX est destinataire des donn\u00e9es.<\/p><p>\u00a0<\/p><p><b><i>3.4\u00a0 \u00a0 S\u00c9CURIT\u00c9 ET CONFIDENTIALIT\u00c9 DES DONN\u00c9ES<\/i><\/b><\/p><p>La Soci\u00e9t\u00e9 s\u2019efforce de mettre en place toutes pr\u00e9cautions utiles pour pr\u00e9server la confidentialit\u00e9 et la s\u00e9curit\u00e9 des donn\u00e9es personnelles collect\u00e9es et trait\u00e9es et emp\u00eacher qu\u2019elles ne soient d\u00e9form\u00e9es, endommag\u00e9es, d\u00e9truites ou que des tiers non autoris\u00e9s y aient acc\u00e8s.<\/p><p>Cependant, la Soci\u00e9t\u00e9 ne ma\u00eetrise pas tous les risques li\u00e9s au fonctionnement d\u2019Internet et attire l\u2019attention des utilisateurs du Site sur l\u2019existence d\u2019\u00e9ventuels risques inh\u00e9rents \u00e0 son utilisation et \u00e0 son fonctionnement.<\/p>\t\t\t\t\t\t\t\t<\/div>\n\t\t\t\t<\/div>\n\t\t\t\t\t<\/div>\n\t\t\t\t<\/div>\n\t\t<div class=\"elementor-element elementor-element-1666579 e-flex e-con-boxed e-con e-parent\" data-id=\"1666579\" data-element_type=\"container\" data-e-type=\"container\">\n\t\t\t\t\t<div class=\"e-con-inner\">\n\t\t\t\t<div class=\"elementor-element elementor-element-d6d5bbb elementor-widget elementor-widget-heading\" data-id=\"d6d5bbb\" data-element_type=\"widget\" data-e-type=\"widget\" data-widget_type=\"heading.default\">\n\t\t\t\t<div class=\"elementor-widget-container\">\n\t\t\t\t\t<h2 class=\"elementor-heading-title elementor-size-default\">4. Cookies<\/h2>\t\t\t\t<\/div>\n\t\t\t\t<\/div>\n\t\t\t\t<div class=\"elementor-element elementor-element-f9f30c7 elementor-widget elementor-widget-text-editor\" data-id=\"f9f30c7\" data-element_type=\"widget\" data-e-type=\"widget\" data-widget_type=\"text-editor.default\">\n\t\t\t\t<div class=\"elementor-widget-container\">\n\t\t\t\t\t\t\t\t\t<p>La Soci\u00e9t\u00e9 utilise des t\u00e9moins de connexions (ci-apr\u00e8s les \u00ab\u00a0Cookies\u00a0\u00bb) ou syst\u00e8mes similaires sur le Site afin de faciliter votre navigation. Ces Cookies vous offrent une meilleure qualit\u00e9 de service en enregistrant des informations relatives \u00e0 votre navigation sur le Site.<\/p><p>Ces Cookies ne permettent pas de vous identifier individuellement et leur dur\u00e9e est strictement limit\u00e9e \u00e0 la dur\u00e9e de votre session de navigation.<\/p>\t\t\t\t\t\t\t\t<\/div>\n\t\t\t\t<\/div>\n\t\t\t\t\t<\/div>\n\t\t\t\t<\/div>\n\t\t<div class=\"elementor-element elementor-element-2a8391e e-flex e-con-boxed e-con e-parent\" data-id=\"2a8391e\" data-element_type=\"container\" data-e-type=\"container\">\n\t\t\t\t\t<div class=\"e-con-inner\">\n\t\t\t\t<div class=\"elementor-element elementor-element-9bd611c elementor-widget elementor-widget-heading\" data-id=\"9bd611c\" data-element_type=\"widget\" data-e-type=\"widget\" data-widget_type=\"heading.default\">\n\t\t\t\t<div class=\"elementor-widget-container\">\n\t\t\t\t\t<h2 class=\"elementor-heading-title elementor-size-default\">5. MODIFICATION DE NOTRE CHARTE DONN\u00c9ES PERSONNELLES<\/h2>\t\t\t\t<\/div>\n\t\t\t\t<\/div>\n\t\t\t\t<div class=\"elementor-element elementor-element-c1a2aae elementor-widget elementor-widget-text-editor\" data-id=\"c1a2aae\" data-element_type=\"widget\" data-e-type=\"widget\" data-widget_type=\"text-editor.default\">\n\t\t\t\t<div class=\"elementor-widget-container\">\n\t\t\t\t\t\t\t\t\t<p>La Soci\u00e9t\u00e9 SAS GEORGES VIGOUROUX peut \u00eatre amen\u00e9e \u00e0 modifier la pr\u00e9sente charte. Nous veillerons \u00e0 ce que vous soyez inform\u00e9s de ces modifications soit par une mention sp\u00e9ciale sur notre Site, soit par un avertissement personnalis\u00e9 notamment dans le cadre de nos envois de newsletters.<\/p>\t\t\t\t\t\t\t\t<\/div>\n\t\t\t\t<\/div>\n\t\t\t\t\t<\/div>\n\t\t\t\t<\/div>\n\t\t\t\t<\/div>\n\t\t","protected":false},"excerpt":{"rendered":"<p>POLITIQUE DE CONFIDENTIALITE Derni\u00e8re mise \u00e0 jour : 16\/04\/2025 Le site Le Gouleyant&nbsp;respecte la vie priv\u00e9e de ses utilisateurs. Cette politique de confidentialit\u00e9 explique quelles donn\u00e9es sont collect\u00e9es, comment elles sont utilis\u00e9es, et quels sont vos droits. 1. Donn\u00e9es collect\u00e9es Nous collectons uniquement les donn\u00e9es que vous nous fournissez volontairement, notamment via : Le formulaire [&hellip;]<\/p>\n","protected":false},"author":1,"featured_media":0,"parent":0,"menu_order":0,"comment_status":"closed","ping_status":"closed","template":"","meta":{"footnotes":""},"class_list":["post-2190","page","type-page","status-publish","hentry"],"yoast_head":"<!-- This site is optimized with the Yoast SEO plugin v27.5 - https:\/\/yoast.com\/product\/yoast-seo-wordpress\/ -->\n<title>POLITIQUE DE CONFIDENTIALITE -<\/title>\n<meta name=\"robots\" content=\"index, follow, max-snippet:-1, max-image-preview:large, max-video-preview:-1\" \/>\n<link rel=\"canonical\" href=\"https:\/\/legouleyant.com\/index.php\/elementor-page-2190\/\" \/>\n<meta property=\"og:locale\" content=\"fr_FR\" \/>\n<meta property=\"og:type\" content=\"article\" \/>\n<meta property=\"og:title\" content=\"POLITIQUE DE CONFIDENTIALITE -\" \/>\n<meta property=\"og:description\" content=\"POLITIQUE DE CONFIDENTIALITE Derni\u00e8re mise \u00e0 jour : 16\/04\/2025 Le site Le Gouleyant&nbsp;respecte la vie priv\u00e9e de ses utilisateurs. Cette politique de confidentialit\u00e9 explique quelles donn\u00e9es sont collect\u00e9es, comment elles sont utilis\u00e9es, et quels sont vos droits. 1. Donn\u00e9es collect\u00e9es Nous collectons uniquement les donn\u00e9es que vous nous fournissez volontairement, notamment via : Le formulaire [&hellip;]\" \/>\n<meta property=\"og:url\" content=\"https:\/\/legouleyant.com\/index.php\/elementor-page-2190\/\" \/>\n<meta property=\"article:publisher\" content=\"https:\/\/www.facebook.com\/share\/1YUm8T26cC\/?mibextid=wwXIfr\" \/>\n<meta property=\"article:modified_time\" content=\"2025-04-16T13:04:46+00:00\" \/>\n<meta property=\"og:image\" content=\"http:\/\/legouleyant.com\/wp-content\/uploads\/2025\/04\/LOGO_GOULEYANT_CLARA.png\" \/>\n<meta name=\"twitter:card\" content=\"summary_large_image\" \/>\n<meta name=\"twitter:label1\" content=\"Dur\u00e9e de lecture estim\u00e9e\" \/>\n\t<meta name=\"twitter:data1\" content=\"3 minutes\" \/>\n<script type=\"application\/ld+json\" class=\"yoast-schema-graph\">{\"@context\":\"https:\\\/\\\/schema.org\",\"@graph\":[{\"@type\":\"WebPage\",\"@id\":\"https:\\\/\\\/legouleyant.com\\\/index.php\\\/elementor-page-2190\\\/\",\"url\":\"https:\\\/\\\/legouleyant.com\\\/index.php\\\/elementor-page-2190\\\/\",\"name\":\"POLITIQUE DE CONFIDENTIALITE -\",\"isPartOf\":{\"@id\":\"https:\\\/\\\/legouleyant.com\\\/#website\"},\"primaryImageOfPage\":{\"@id\":\"https:\\\/\\\/legouleyant.com\\\/index.php\\\/elementor-page-2190\\\/#primaryimage\"},\"image\":{\"@id\":\"https:\\\/\\\/legouleyant.com\\\/index.php\\\/elementor-page-2190\\\/#primaryimage\"},\"thumbnailUrl\":\"http:\\\/\\\/legouleyant.com\\\/wp-content\\\/uploads\\\/2025\\\/04\\\/LOGO_GOULEYANT_CLARA.png\",\"datePublished\":\"2025-04-16T10:30:18+00:00\",\"dateModified\":\"2025-04-16T13:04:46+00:00\",\"breadcrumb\":{\"@id\":\"https:\\\/\\\/legouleyant.com\\\/index.php\\\/elementor-page-2190\\\/#breadcrumb\"},\"inLanguage\":\"fr-FR\",\"potentialAction\":[{\"@type\":\"ReadAction\",\"target\":[\"https:\\\/\\\/legouleyant.com\\\/index.php\\\/elementor-page-2190\\\/\"]}]},{\"@type\":\"ImageObject\",\"inLanguage\":\"fr-FR\",\"@id\":\"https:\\\/\\\/legouleyant.com\\\/index.php\\\/elementor-page-2190\\\/#primaryimage\",\"url\":\"https:\\\/\\\/legouleyant.com\\\/wp-content\\\/uploads\\\/2025\\\/04\\\/LOGO_GOULEYANT_CLARA.png\",\"contentUrl\":\"https:\\\/\\\/legouleyant.com\\\/wp-content\\\/uploads\\\/2025\\\/04\\\/LOGO_GOULEYANT_CLARA.png\",\"width\":829,\"height\":217},{\"@type\":\"BreadcrumbList\",\"@id\":\"https:\\\/\\\/legouleyant.com\\\/index.php\\\/elementor-page-2190\\\/#breadcrumb\",\"itemListElement\":[{\"@type\":\"ListItem\",\"position\":1,\"name\":\"Accueil\",\"item\":\"https:\\\/\\\/legouleyant.com\\\/\"},{\"@type\":\"ListItem\",\"position\":2,\"name\":\"POLITIQUE DE CONFIDENTIALITE\"}]},{\"@type\":\"WebSite\",\"@id\":\"https:\\\/\\\/legouleyant.com\\\/#website\",\"url\":\"https:\\\/\\\/legouleyant.com\\\/\",\"name\":\"Le Gouleyant\",\"description\":\"\",\"publisher\":{\"@id\":\"https:\\\/\\\/legouleyant.com\\\/#organization\"},\"potentialAction\":[{\"@type\":\"SearchAction\",\"target\":{\"@type\":\"EntryPoint\",\"urlTemplate\":\"https:\\\/\\\/legouleyant.com\\\/?s={search_term_string}\"},\"query-input\":{\"@type\":\"PropertyValueSpecification\",\"valueRequired\":true,\"valueName\":\"search_term_string\"}}],\"inLanguage\":\"fr-FR\"},{\"@type\":\"Organization\",\"@id\":\"https:\\\/\\\/legouleyant.com\\\/#organization\",\"name\":\"SAS GEORGE VIGOUROUX\",\"url\":\"https:\\\/\\\/legouleyant.com\\\/\",\"logo\":{\"@type\":\"ImageObject\",\"inLanguage\":\"fr-FR\",\"@id\":\"https:\\\/\\\/legouleyant.com\\\/#\\\/schema\\\/logo\\\/image\\\/\",\"url\":\"https:\\\/\\\/legouleyant.com\\\/wp-content\\\/uploads\\\/2025\\\/03\\\/LOGO_FGV_NOIR.png\",\"contentUrl\":\"https:\\\/\\\/legouleyant.com\\\/wp-content\\\/uploads\\\/2025\\\/03\\\/LOGO_FGV_NOIR.png\",\"width\":391,\"height\":54,\"caption\":\"SAS GEORGE VIGOUROUX\"},\"image\":{\"@id\":\"https:\\\/\\\/legouleyant.com\\\/#\\\/schema\\\/logo\\\/image\\\/\"},\"sameAs\":[\"https:\\\/\\\/www.facebook.com\\\/share\\\/1YUm8T26cC\\\/?mibextid=wwXIfr\",\"https:\\\/\\\/www.instagram.com\\\/legouleyantmalbec_\\\/\",\"https:\\\/\\\/www.linkedin.com\\\/company\\\/famille-g-vigouroux\\\/posts\\\/?feedView=all\"]}]}<\/script>\n<!-- \/ Yoast SEO plugin. -->","yoast_head_json":{"title":"POLITIQUE DE CONFIDENTIALITE -","robots":{"index":"index","follow":"follow","max-snippet":"max-snippet:-1","max-image-preview":"max-image-preview:large","max-video-preview":"max-video-preview:-1"},"canonical":"https:\/\/legouleyant.com\/index.php\/elementor-page-2190\/","og_locale":"fr_FR","og_type":"article","og_title":"POLITIQUE DE CONFIDENTIALITE -","og_description":"POLITIQUE DE CONFIDENTIALITE Derni\u00e8re mise \u00e0 jour : 16\/04\/2025 Le site Le Gouleyant&nbsp;respecte la vie priv\u00e9e de ses utilisateurs. Cette politique de confidentialit\u00e9 explique quelles donn\u00e9es sont collect\u00e9es, comment elles sont utilis\u00e9es, et quels sont vos droits. 1. Donn\u00e9es collect\u00e9es Nous collectons uniquement les donn\u00e9es que vous nous fournissez volontairement, notamment via : Le formulaire [&hellip;]","og_url":"https:\/\/legouleyant.com\/index.php\/elementor-page-2190\/","article_publisher":"https:\/\/www.facebook.com\/share\/1YUm8T26cC\/?mibextid=wwXIfr","article_modified_time":"2025-04-16T13:04:46+00:00","og_image":[{"url":"http:\/\/legouleyant.com\/wp-content\/uploads\/2025\/04\/LOGO_GOULEYANT_CLARA.png","type":"","width":"","height":""}],"twitter_card":"summary_large_image","twitter_misc":{"Dur\u00e9e de lecture estim\u00e9e":"3 minutes"},"schema":{"@context":"https:\/\/schema.org","@graph":[{"@type":"WebPage","@id":"https:\/\/legouleyant.com\/index.php\/elementor-page-2190\/","url":"https:\/\/legouleyant.com\/index.php\/elementor-page-2190\/","name":"POLITIQUE DE CONFIDENTIALITE -","isPartOf":{"@id":"https:\/\/legouleyant.com\/#website"},"primaryImageOfPage":{"@id":"https:\/\/legouleyant.com\/index.php\/elementor-page-2190\/#primaryimage"},"image":{"@id":"https:\/\/legouleyant.com\/index.php\/elementor-page-2190\/#primaryimage"},"thumbnailUrl":"http:\/\/legouleyant.com\/wp-content\/uploads\/2025\/04\/LOGO_GOULEYANT_CLARA.png","datePublished":"2025-04-16T10:30:18+00:00","dateModified":"2025-04-16T13:04:46+00:00","breadcrumb":{"@id":"https:\/\/legouleyant.com\/index.php\/elementor-page-2190\/#breadcrumb"},"inLanguage":"fr-FR","potentialAction":[{"@type":"ReadAction","target":["https:\/\/legouleyant.com\/index.php\/elementor-page-2190\/"]}]},{"@type":"ImageObject","inLanguage":"fr-FR","@id":"https:\/\/legouleyant.com\/index.php\/elementor-page-2190\/#primaryimage","url":"https:\/\/legouleyant.com\/wp-content\/uploads\/2025\/04\/LOGO_GOULEYANT_CLARA.png","contentUrl":"https:\/\/legouleyant.com\/wp-content\/uploads\/2025\/04\/LOGO_GOULEYANT_CLARA.png","width":829,"height":217},{"@type":"BreadcrumbList","@id":"https:\/\/legouleyant.com\/index.php\/elementor-page-2190\/#breadcrumb","itemListElement":[{"@type":"ListItem","position":1,"name":"Accueil","item":"https:\/\/legouleyant.com\/"},{"@type":"ListItem","position":2,"name":"POLITIQUE DE CONFIDENTIALITE"}]},{"@type":"WebSite","@id":"https:\/\/legouleyant.com\/#website","url":"https:\/\/legouleyant.com\/","name":"Le Gouleyant","description":"","publisher":{"@id":"https:\/\/legouleyant.com\/#organization"},"potentialAction":[{"@type":"SearchAction","target":{"@type":"EntryPoint","urlTemplate":"https:\/\/legouleyant.com\/?s={search_term_string}"},"query-input":{"@type":"PropertyValueSpecification","valueRequired":true,"valueName":"search_term_string"}}],"inLanguage":"fr-FR"},{"@type":"Organization","@id":"https:\/\/legouleyant.com\/#organization","name":"SAS GEORGE VIGOUROUX","url":"https:\/\/legouleyant.com\/","logo":{"@type":"ImageObject","inLanguage":"fr-FR","@id":"https:\/\/legouleyant.com\/#\/schema\/logo\/image\/","url":"https:\/\/legouleyant.com\/wp-content\/uploads\/2025\/03\/LOGO_FGV_NOIR.png","contentUrl":"https:\/\/legouleyant.com\/wp-content\/uploads\/2025\/03\/LOGO_FGV_NOIR.png","width":391,"height":54,"caption":"SAS GEORGE VIGOUROUX"},"image":{"@id":"https:\/\/legouleyant.com\/#\/schema\/logo\/image\/"},"sameAs":["https:\/\/www.facebook.com\/share\/1YUm8T26cC\/?mibextid=wwXIfr","https:\/\/www.instagram.com\/legouleyantmalbec_\/","https:\/\/www.linkedin.com\/company\/famille-g-vigouroux\/posts\/?feedView=all"]}]}},"_links":{"self":[{"href":"https:\/\/legouleyant.com\/index.php\/wp-json\/wp\/v2\/pages\/2190","targetHints":{"allow":["GET"]}}],"collection":[{"href":"https:\/\/legouleyant.com\/index.php\/wp-json\/wp\/v2\/pages"}],"about":[{"href":"https:\/\/legouleyant.com\/index.php\/wp-json\/wp\/v2\/types\/page"}],"author":[{"embeddable":true,"href":"https:\/\/legouleyant.com\/index.php\/wp-json\/wp\/v2\/users\/1"}],"replies":[{"embeddable":true,"href":"https:\/\/legouleyant.com\/index.php\/wp-json\/wp\/v2\/comments?post=2190"}],"version-history":[{"count":14,"href":"https:\/\/legouleyant.com\/index.php\/wp-json\/wp\/v2\/pages\/2190\/revisions"}],"predecessor-version":[{"id":2277,"href":"https:\/\/legouleyant.com\/index.php\/wp-json\/wp\/v2\/pages\/2190\/revisions\/2277"}],"wp:attachment":[{"href":"https:\/\/legouleyant.com\/index.php\/wp-json\/wp\/v2\/media?parent=2190"}],"curies":[{"name":"wp","href":"https:\/\/api.w.org\/{rel}","templated":true}]}}